{"id":3975,"date":"2022-03-13T19:07:34","date_gmt":"2022-03-13T16:07:34","guid":{"rendered":"https:\/\/delux.com.tr\/tr\/?page_id=3975"},"modified":"2026-02-09T10:45:47","modified_gmt":"2026-02-09T07:45:47","slug":"safari-tatilleri","status":"publish","type":"page","link":"https:\/\/delux.com.tr\/dt\/tatil-stilleri\/safari-tatilleri\/","title":{"rendered":"Safari Deneyimleri"},"content":{"rendered":"<p><div class=\"fusion-fullwidth fullwidth-box fusion-builder-row-1 fusion-flex-container has-pattern-background has-mask-background nonhundred-percent-fullwidth non-hundred-percent-height-scrolling\" style=\"--awb-border-radius-top-left:0px;--awb-border-radius-top-right:0px;--awb-border-radius-bottom-right:0px;--awb-border-radius-bottom-left:0px;--awb-margin-top:20px;--awb-flex-wrap:wrap;\" ><div class=\"fusion-builder-row fusion-row fusion-flex-align-items-flex-start fusion-flex-content-wrap\" style=\"max-width:1414.4px;margin-left: calc(-4% \/ 2 );margin-right: calc(-4% \/ 2 );\"><div class=\"fusion-layout-column fusion_builder_column fusion-builder-column-0 fusion_builder_column_1_1 1_1 fusion-flex-column\" style=\"--awb-bg-size:cover;--awb-width-large:100%;--awb-margin-top-large:0px;--awb-spacing-right-large:1.92%;--awb-margin-bottom-large:20px;--awb-spacing-left-large:1.92%;--awb-width-medium:100%;--awb-order-medium:0;--awb-spacing-right-medium:1.92%;--awb-spacing-left-medium:1.92%;--awb-width-small:100%;--awb-order-small:0;--awb-spacing-right-small:1.92%;--awb-spacing-left-small:1.92%;\"><div class=\"fusion-column-wrapper fusion-column-has-shadow fusion-flex-justify-content-flex-start fusion-content-layout-column\"><div class=\"fusion-text fusion-text-1\"><p>Safari, d\u00fcnyan\u0131n en ger\u00e7ek l\u00fckslerinden biridir. \u00c7\u00fcnk\u00fc burada l\u00fcks; fazlal\u0131k de\u011fil, do\u011fan\u0131n tam merkezinde bile konforun ve mahremiyetin kusursuz bi\u00e7imde var olmas\u0131d\u0131r. G\u00fcn do\u011farken savanan\u0131n sessizli\u011fi, uzaklardan gelen bir ses, yaln\u0131zca size ayr\u0131lm\u0131\u015f bir an\u2026 Delux Turizm\u2019de safari deneyimleri, bu anlar\u0131 tesad\u00fcfe b\u0131rakmadan ki\u015fiye \u00f6zel tasarlan\u0131r.<\/p>\n<\/div><\/div><\/div><\/div><\/div><div class=\"fusion-fullwidth fullwidth-box fusion-builder-row-2 fusion-flex-container nonhundred-percent-fullwidth non-hundred-percent-height-scrolling\" style=\"--awb-border-radius-top-left:0px;--awb-border-radius-top-right:0px;--awb-border-radius-bottom-right:0px;--awb-border-radius-bottom-left:0px;--awb-flex-wrap:wrap;\" ><div class=\"fusion-builder-row fusion-row fusion-flex-align-items-flex-start fusion-flex-content-wrap\" style=\"max-width:1414.4px;margin-left: calc(-4% \/ 2 );margin-right: calc(-4% \/ 2 );\"><div class=\"fusion-layout-column fusion_builder_column fusion-builder-column-1 fusion_builder_column_2_3 2_3 fusion-flex-column\" style=\"--awb-bg-size:cover;--awb-width-large:66.666666666667%;--awb-margin-top-large:0px;--awb-spacing-right-large:2.88%;--awb-margin-bottom-large:20px;--awb-spacing-left-large:2.88%;--awb-width-medium:66.666666666667%;--awb-order-medium:0;--awb-spacing-right-medium:2.88%;--awb-spacing-left-medium:2.88%;--awb-width-small:100%;--awb-order-small:0;--awb-spacing-right-small:1.92%;--awb-spacing-left-small:1.92%;\"><div class=\"fusion-column-wrapper fusion-column-has-shadow fusion-flex-justify-content-flex-start fusion-content-layout-column\"><div class=\"fusion-text fusion-text-2\"><p><img decoding=\"async\" class=\"lazyload alignnone size-full wp-image-7779\" src=\"https:\/\/delux.com.tr\/dt\/wp-content\/uploads\/2026\/01\/safari_deneyimleri.jpg\" data-orig-src=\"https:\/\/delux.com.tr\/dt\/wp-content\/uploads\/2026\/01\/safari_deneyimleri.jpg\" alt=\"\" width=\"800\" height=\"447\" srcset=\"data:image\/svg+xml,%3Csvg%20xmlns%3D%27http%3A%2F%2Fwww.w3.org%2F2000%2Fsvg%27%20width%3D%27800%27%20height%3D%27447%27%20viewBox%3D%270%200%20800%20447%27%3E%3Crect%20width%3D%27800%27%20height%3D%27447%27%20fill-opacity%3D%220%22%2F%3E%3C%2Fsvg%3E\" data-srcset=\"https:\/\/delux.com.tr\/dt\/wp-content\/uploads\/2026\/01\/safari_deneyimleri-200x112.jpg 200w, https:\/\/delux.com.tr\/dt\/wp-content\/uploads\/2026\/01\/safari_deneyimleri-300x168.jpg 300w, https:\/\/delux.com.tr\/dt\/wp-content\/uploads\/2026\/01\/safari_deneyimleri-400x224.jpg 400w, https:\/\/delux.com.tr\/dt\/wp-content\/uploads\/2026\/01\/safari_deneyimleri-600x335.jpg 600w, https:\/\/delux.com.tr\/dt\/wp-content\/uploads\/2026\/01\/safari_deneyimleri-768x429.jpg 768w, https:\/\/delux.com.tr\/dt\/wp-content\/uploads\/2026\/01\/safari_deneyimleri.jpg 800w\" data-sizes=\"auto\" data-orig-sizes=\"(max-width: 800px) 100vw, 800px\" \/><\/p>\n<p>Bir safari yolculu\u011funun kalitesi; kamp se\u00e7imi, rehberlik, mevsim ve rota kararlar\u0131yla belirlenir. Biz bu deneyimi \u201cyap\u0131lacaklar listesi\u201d gibi de\u011fil, do\u011fru ritim ve do\u011fru ak\u0131\u015fla kurgular\u0131z. Se\u00e7kin lodge ve kamp se\u00e7kileri, \u00f6zel ara\u00e7lar, alan\u0131nda uzman rehberler ve ki\u015fisel konfor beklentinize uygun detaylar bir araya getirilir.<\/p>\n<p>\u0130ster B\u00fcy\u00fck G\u00f6\u00e7 d\u00f6neminde Afrika\u2019n\u0131n en etkileyici manzaralar\u0131na tan\u0131kl\u0131k edin, ister daha sakin bir b\u00f6lgede do\u011fayla ba\u015f ba\u015fa kal\u0131n\u2026 Delux, safariyi sadece g\u00f6rsel bir deneyim olmaktan \u00e7\u0131kar\u0131r; derin, sakin ve unutulmaz bir yolculu\u011fa d\u00f6n\u00fc\u015ft\u00fcr\u00fcr.<\/p>\n<p>Bazen insan\u0131n k\u00fc\u00e7\u00fcc\u00fck, d\u00fcnyan\u0131n ise ne kadar b\u00fcy\u00fck oldu\u011funu hat\u0131rlamas\u0131 gerekir.<br \/>\nSafari tam olarak budur.<\/p>\n<p><strong>Safari Deneyimleri size g\u00f6re nas\u0131l kurgulan\u0131r?<\/strong><\/p>\n<p>\u25cf <strong>Do\u011fru d\u00f6nem se\u00e7ilir:<\/strong> Mevsim, g\u00f6\u00e7 takvimi ve g\u00f6zlem kalitesi dikkate al\u0131narak plan yap\u0131l\u0131r.<br \/>\n\u25cf <strong>Kamp ve lodge se\u00e7ilir:<\/strong> Mahremiyet, konfor ve konuma g\u00f6re se\u00e7kin alternatifler belirlenir.<br \/>\n\u25cf <strong>Uzman rehberlik sa\u011flan\u0131r:<\/strong> \u00d6zel ara\u00e7, yerel uzman rehber ve rotalar ki\u015fiye g\u00f6re kurgulan\u0131r.<br \/>\n\u25cf <strong>Ak\u0131\u015f y\u00f6netilir:<\/strong> U\u00e7u\u015flar, transferler, i\u00e7 hatlar ve t\u00fcm operasyon Delux taraf\u0131ndan u\u00e7tan uca organize edilir.<\/p>\n<\/div><\/div><\/div><div class=\"fusion-layout-column fusion_builder_column fusion-builder-column-2 fusion_builder_column_1_3 1_3 fusion-flex-column\" style=\"--awb-padding-top:4%;--awb-padding-right:4%;--awb-padding-bottom:4%;--awb-padding-left:4%;--awb-bg-color:var(--awb-color3);--awb-bg-color-hover:var(--awb-color3);--awb-bg-size:cover;--awb-width-large:33.333333333333%;--awb-margin-top-large:0px;--awb-spacing-right-large:5.76%;--awb-margin-bottom-large:20px;--awb-spacing-left-large:5.76%;--awb-width-medium:33.333333333333%;--awb-order-medium:0;--awb-spacing-right-medium:5.76%;--awb-spacing-left-medium:5.76%;--awb-width-small:100%;--awb-order-small:0;--awb-spacing-right-small:1.92%;--awb-spacing-left-small:1.92%;\" data-scroll-devices=\"small-visibility,medium-visibility,large-visibility\"><div class=\"fusion-column-wrapper fusion-column-has-shadow fusion-flex-justify-content-flex-start fusion-content-layout-column\"><div class=\"fusion-text fusion-text-3\"><p><strong>Safari Rotalar\u0131<\/strong><\/p>\n<\/div><div class=\"fusion-blog-shortcode fusion-blog-shortcode-1 fusion-blog-archive fusion-blog-layout-grid-wrapper fusion-blog-no\" style=\"--awb-title-font-size:25px;\"><style type=\"text\/css\">.fusion-blog-shortcode-1 .fusion-blog-layout-grid .fusion-post-grid{padding:20px;}.fusion-blog-shortcode-1 .fusion-posts-container{margin-left: -20px !important; margin-right:-20px !important;}<\/style><div class=\"fusion-posts-container fusion-posts-container-no fusion-no-meta-info fusion-blog-layout-grid fusion-blog-layout-grid-1 isotope\" data-pages=\"3\" data-grid-col-space=\"40\" style=\"margin: -20px -20px 0;min-height:500px;\"><article id=\"blog-1-post-1811\" class=\"fusion-post-grid post-1811 post type-post status-publish format-standard has-post-thumbnail hentry category-avrupa category-plaj-tatili tag-afrika tag-guney-afrika tag-kultur-tatili tag-plaj-tatili tag-safari\">\n<div class=\"fusion-post-wrapper\" style=\"background-color:rgba(255,255,255,0);border:1px solid var(--awb-color2);border-bottom-width:3px;\">\n\n\t\t\t<div class=\"fusion-flexslider flexslider fusion-flexslider-loading fusion-post-slideshow\" style=\"border-color:var(--awb-color2);\">\n\t\t<ul class=\"slides\">\n\t\t\t\n\t\t\t\t\t\t\t\t\t\t\t\t\t\t<li><div  class=\"fusion-image-wrapper\" aria-haspopup=\"true\">\n\t\t\t\t\t\t\t<a href=\"https:\/\/delux.com.tr\/dt\/destinasyonlar\/avrupa\/guney-afrika\/\" aria-label=\"G\u00fcney Afrika\">\n\t\t\t\t\t\t\t<img decoding=\"async\" width=\"548\" height=\"318\" src=\"https:\/\/delux.com.tr\/dt\/wp-content\/uploads\/2021\/05\/indir-1.jpeg\" class=\"attachment-full size-full lazyload wp-post-image\" alt=\"\" srcset=\"data:image\/svg+xml,%3Csvg%20xmlns%3D%27http%3A%2F%2Fwww.w3.org%2F2000%2Fsvg%27%20width%3D%27548%27%20height%3D%27318%27%20viewBox%3D%270%200%20548%20318%27%3E%3Crect%20width%3D%27548%27%20height%3D%27318%27%20fill-opacity%3D%220%22%2F%3E%3C%2Fsvg%3E\" data-orig-src=\"https:\/\/delux.com.tr\/dt\/wp-content\/uploads\/2021\/05\/indir-1.jpeg\" data-srcset=\"https:\/\/delux.com.tr\/dt\/wp-content\/uploads\/2021\/05\/indir-1-200x116.jpeg 200w, https:\/\/delux.com.tr\/dt\/wp-content\/uploads\/2021\/05\/indir-1-400x232.jpeg 400w, https:\/\/delux.com.tr\/dt\/wp-content\/uploads\/2021\/05\/indir-1.jpeg 548w\" data-sizes=\"auto\" \/>\t\t\t<\/a>\n\t\t\t\t\t\t\t<\/div>\n<\/li>\n\t\t\t\n\t\t\t\n\t\t\t\t\t\t\t\t\t\t\t\t\t\t\t\t\t\t\t\t\t\t\t\t\t\t\t\t\t\t\t\t\t\t\t\t\t\t\t\t\t\t\t\t\t\t\t\t\t\t\t\t\t\t\t\t\t\t\t\t\t\t\t\t\t\t\t\t<\/ul>\n\t<\/div>\n\t<div class=\"fusion-post-content-wrapper\" style=\"padding:30px 25px 25px 25px;\"><div class=\"fusion-post-content post-content\"><h2 class=\"blog-shortcode-post-title entry-title\">G\u00fcney Afrika<\/h2><\/div><\/div><div class=\"fusion-clearfix\"><\/div><\/div>\n<\/article>\n<article id=\"blog-1-post-1826\" class=\"fusion-post-grid post-1826 post type-post status-publish format-standard has-post-thumbnail hentry category-afrika tag-afrika tag-safari tag-zambiya\">\n<div class=\"fusion-post-wrapper\" style=\"background-color:rgba(255,255,255,0);border:1px solid var(--awb-color2);border-bottom-width:3px;\">\n\n\t\t\t<div class=\"fusion-flexslider flexslider fusion-flexslider-loading fusion-post-slideshow\" style=\"border-color:var(--awb-color2);\">\n\t\t<ul class=\"slides\">\n\t\t\t\n\t\t\t\t\t\t\t\t\t\t\t\t\t\t<li><div  class=\"fusion-image-wrapper\" aria-haspopup=\"true\">\n\t\t\t\t\t\t\t<a href=\"https:\/\/delux.com.tr\/dt\/destinasyonlar\/afrika\/zambiya\/\" aria-label=\"Zambiya\">\n\t\t\t\t\t\t\t<img decoding=\"async\" width=\"548\" height=\"318\" src=\"https:\/\/delux.com.tr\/dt\/wp-content\/uploads\/2021\/05\/zambiya.jpeg\" class=\"attachment-full size-full lazyload wp-post-image\" alt=\"\" srcset=\"data:image\/svg+xml,%3Csvg%20xmlns%3D%27http%3A%2F%2Fwww.w3.org%2F2000%2Fsvg%27%20width%3D%27548%27%20height%3D%27318%27%20viewBox%3D%270%200%20548%20318%27%3E%3Crect%20width%3D%27548%27%20height%3D%27318%27%20fill-opacity%3D%220%22%2F%3E%3C%2Fsvg%3E\" data-orig-src=\"https:\/\/delux.com.tr\/dt\/wp-content\/uploads\/2021\/05\/zambiya.jpeg\" data-srcset=\"https:\/\/delux.com.tr\/dt\/wp-content\/uploads\/2021\/05\/zambiya-200x116.jpeg 200w, https:\/\/delux.com.tr\/dt\/wp-content\/uploads\/2021\/05\/zambiya-400x232.jpeg 400w, https:\/\/delux.com.tr\/dt\/wp-content\/uploads\/2021\/05\/zambiya.jpeg 548w\" data-sizes=\"auto\" \/>\t\t\t<\/a>\n\t\t\t\t\t\t\t<\/div>\n<\/li>\n\t\t\t\n\t\t\t\n\t\t\t\t\t\t\t\t\t\t\t\t\t\t\t\t\t\t\t\t\t\t\t\t\t\t\t\t\t\t\t\t\t\t\t\t\t\t\t\t\t\t\t\t\t\t\t\t\t\t\t\t\t\t\t\t\t\t\t\t\t\t\t\t\t\t\t\t<\/ul>\n\t<\/div>\n\t<div class=\"fusion-post-content-wrapper\" style=\"padding:30px 25px 25px 25px;\"><div class=\"fusion-post-content post-content\"><h2 class=\"blog-shortcode-post-title entry-title\">Zambiya<\/h2><\/div><\/div><div class=\"fusion-clearfix\"><\/div><\/div>\n<\/article>\n<div class=\"fusion-clearfix\"><\/div><\/div><\/div><\/div><\/div><\/div><\/div><\/p>\n","protected":false},"excerpt":{"rendered":"","protected":false},"author":1,"featured_media":0,"parent":3958,"menu_order":0,"comment_status":"closed","ping_status":"closed","template":"","meta":{"footnotes":""},"class_list":["post-3975","page","type-page","status-publish","hentry"],"_links":{"self":[{"href":"https:\/\/delux.com.tr\/dt\/wp-json\/wp\/v2\/pages\/3975","targetHints":{"allow":["GET"]}}],"collection":[{"href":"https:\/\/delux.com.tr\/dt\/wp-json\/wp\/v2\/pages"}],"about":[{"href":"https:\/\/delux.com.tr\/dt\/wp-json\/wp\/v2\/types\/page"}],"author":[{"embeddable":true,"href":"https:\/\/delux.com.tr\/dt\/wp-json\/wp\/v2\/users\/1"}],"replies":[{"embeddable":true,"href":"https:\/\/delux.com.tr\/dt\/wp-json\/wp\/v2\/comments?post=3975"}],"version-history":[{"count":7,"href":"https:\/\/delux.com.tr\/dt\/wp-json\/wp\/v2\/pages\/3975\/revisions"}],"predecessor-version":[{"id":7872,"href":"https:\/\/delux.com.tr\/dt\/wp-json\/wp\/v2\/pages\/3975\/revisions\/7872"}],"up":[{"embeddable":true,"href":"https:\/\/delux.com.tr\/dt\/wp-json\/wp\/v2\/pages\/3958"}],"wp:attachment":[{"href":"https:\/\/delux.com.tr\/dt\/wp-json\/wp\/v2\/media?parent=3975"}],"curies":[{"name":"wp","href":"https:\/\/api.w.org\/{rel}","templated":true}]}}